{"id":102,"date":"2011-10-04T19:24:06","date_gmt":"2011-10-04T22:24:06","guid":{"rendered":"http:\/\/localhost\/st\/site\/?page_id=102"},"modified":"2014-09-03T14:55:07","modified_gmt":"2014-09-03T17:55:07","slug":"st-controle-farmaceutico","status":"publish","type":"page","link":"http:\/\/www.stconsultoria.com.br\/site\/?page_id=102","title":{"rendered":"ST Controle Farmac\u00eautico"},"content":{"rendered":"<p style=\"text-align: justify; font-size:14px;\">Uma poderosa ferramenta para controle de unidades de estoque de medicamentos. Tem como principais fun\u00e7\u00f5es gerenciar movimenta\u00e7\u00f5es de entrada e sa\u00edda de medicamentos do estoque e controlar a disponibilidade de medicamentos para os pacientes e\/ou para outras unidades hospitalares.<\/p>\n<hr \/>\n<table width=\"100%\" border=\"0\">\n<tr valign=\"top\">\n<td width=\"50%\">\n    <b>Processos<\/b><\/p>\n<ul>\n<li>Controle do estoque de medicamentos<\/li>\n<li>Dispensa\u00e7\u00e3o para o usu\u00e1rio<\/li>\n<li>Controle de medicamentos da receita do paciente e sua validade (prazo)<\/li>\n<li>Disponibilidade para outra unidade farmac\u00eautica<\/li>\n<li>Cadastro de pacientes<\/li>\n<\/ul>\n<\/td>\n<td>\n    <b>Alguns Relat\u00f3rios<\/b><\/p>\n<ul>\n<li>Resumo de movimento<\/li>\n<li>Movimenta\u00e7\u00e3o de itens por paciente<\/li>\n<li>M\u00e9dia de consumo por setor hospitalar<\/li>\n<li>Recibo de entrega de medicamento<\/li>\n<li>Rela\u00e7\u00e3o de lotes de medicamentos<\/li>\n<\/ul>\n<\/td>\n<\/tr>\n<\/table>\n<p><iframe src=\"http:\/\/www.facebook.com\/plugins\/like.php?href=http:\/\/www.stconsultoria.com.br\/site\/?page_id=102&#038;layout=standard&#038;\nshow_faces=false&#038;width=380&#038;action=like&#038;colorscheme=light&#038;height=25&#038;locale=pt_BR\" scrolling=\"no\" frameborder=\"0\" style=\"border:none; overflow:hidden; width:350px; height:25px;\" allowTransparency=\"true\"><\/iframe><\/p>\n","protected":false},"excerpt":{"rendered":"<p>Uma poderosa ferramenta para controle de unidades de estoque de medicamentos. Tem como principais fun\u00e7\u00f5es gerenciar movimenta\u00e7\u00f5es de entrada e sa\u00edda de medicamentos do estoque e controlar a disponibilidade de medicamentos para os pacientes e\/ou para outras unidades hospitalares. Processos Controle do estoque de medicamentos Dispensa\u00e7\u00e3o para o usu\u00e1rio Controle de medicamentos da receita do &hellip; <\/p>\n<p><a class=\"more-link btn\" href=\"http:\/\/www.stconsultoria.com.br\/site\/?page_id=102\">Continue lendo<\/a><\/p>\n","protected":false},"author":1,"featured_media":0,"parent":0,"menu_order":12,"comment_status":"closed","ping_status":"closed","template":"","meta":[],"_links":{"self":[{"href":"http:\/\/www.stconsultoria.com.br\/site\/index.php?rest_route=\/wp\/v2\/pages\/102"}],"collection":[{"href":"http:\/\/www.stconsultoria.com.br\/site\/index.php?rest_route=\/wp\/v2\/pages"}],"about":[{"href":"http:\/\/www.stconsultoria.com.br\/site\/index.php?rest_route=\/wp\/v2\/types\/page"}],"author":[{"embeddable":true,"href":"http:\/\/www.stconsultoria.com.br\/site\/index.php?rest_route=\/wp\/v2\/users\/1"}],"replies":[{"embeddable":true,"href":"http:\/\/www.stconsultoria.com.br\/site\/index.php?rest_route=%2Fwp%2Fv2%2Fcomments&post=102"}],"version-history":[{"count":4,"href":"http:\/\/www.stconsultoria.com.br\/site\/index.php?rest_route=\/wp\/v2\/pages\/102\/revisions"}],"predecessor-version":[{"id":217,"href":"http:\/\/www.stconsultoria.com.br\/site\/index.php?rest_route=\/wp\/v2\/pages\/102\/revisions\/217"}],"wp:attachment":[{"href":"http:\/\/www.stconsultoria.com.br\/site\/index.php?rest_route=%2Fwp%2Fv2%2Fmedia&parent=102"}],"curies":[{"name":"wp","href":"https:\/\/api.w.org\/{rel}","templated":true}]}}