{"id":30,"date":"2011-09-30T14:09:13","date_gmt":"2011-09-30T14:09:13","guid":{"rendered":"http:\/\/localhost\/st\/site\/?page_id=30"},"modified":"2014-09-03T14:51:13","modified_gmt":"2014-09-03T17:51:13","slug":"solucoes","status":"publish","type":"page","link":"http:\/\/www.stconsultoria.com.br\/site\/?page_id=30","title":{"rendered":"Solu\u00e7\u00f5es"},"content":{"rendered":"<p>As solu\u00e7\u00f5es desenvolvidas pela ST\u00a0possuem os atributos necess\u00e1rios \u00e0 boa gest\u00e3o e respeito aos Princ\u00edpios Constitucionais da Administra\u00e7\u00e3o P\u00fablica: Legalidade, Impessoalidade, Moralidade, Publicidade e Efici\u00eancia.<\/p>\n<p>S\u00e3o solu\u00e7\u00f5es pr\u00e1ticas e eficazes para uma administra\u00e7\u00e3o moderna e com respostas em tempo real \u00e0s demandas, al\u00e9m de disponibilizar um suporte de alto n\u00edvel de atendimento, possuindo toda a seguran\u00e7a de uma empresa com mais de dez anos de mercado.<\/p>\n<p>&nbsp;<\/p>\n<table border=\"1\" width=\"100%\">\n<tbody>\n<tr>\n<td width=\"25%\"><a title=\"Contabilidade\" href=\"http:\/\/www.stconsultoria.com.br\/site\/?page_id=37\"><img decoding=\"async\" loading=\"lazy\" class=\"alignnone size-full wp-image-401\" src=\"http:\/\/www.stconsultoria.com.br\/site\/wp-content\/uploads\/2011\/09\/contabilidade.png\" alt=\"contabilidade\" width=\"199\" height=\"55\" \/><\/a><\/td>\n<td width=\"25%\"><a title=\"Folha de Pagamento\" href=\"http:\/\/www.stconsultoria.com.br\/site\/?page_id=69\"><img decoding=\"async\" loading=\"lazy\" class=\"alignnone size-full wp-image-402\" src=\"http:\/\/www.stconsultoria.com.br\/site\/wp-content\/uploads\/2011\/09\/folha.png\" alt=\"folha\" width=\"199\" height=\"55\" \/><\/a><\/td>\n<td width=\"25%\"><a title=\"Controle Interno\" href=\"http:\/\/www.stconsultoria.com.br\/site\/?page_id=71\"><img decoding=\"async\" loading=\"lazy\" class=\"alignnone size-full wp-image-403\" src=\"http:\/\/www.stconsultoria.com.br\/site\/wp-content\/uploads\/2011\/09\/controle-interno.png\" alt=\"controle-interno\" width=\"199\" height=\"55\" \/><\/a><\/td>\n<td width=\"25%\"><a title=\"Financeiro\" href=\"http:\/\/www.stconsultoria.com.br\/site\/?page_id=57\"><img decoding=\"async\" loading=\"lazy\" class=\"alignnone size-full wp-image-404\" src=\"http:\/\/www.stconsultoria.com.br\/site\/wp-content\/uploads\/2011\/09\/financeiro.png\" alt=\"financeiro\" width=\"199\" height=\"55\" \/><\/a><\/td>\n<\/tr>\n<tr>\n<td><a title=\"Patrim\u00f4nio\" href=\"http:\/\/www.stconsultoria.com.br\/site\/?page_id=77\"><img decoding=\"async\" loading=\"lazy\" class=\"alignnone size-full wp-image-406\" src=\"http:\/\/www.stconsultoria.com.br\/site\/wp-content\/uploads\/2011\/09\/patrimonio.png\" alt=\"patrimonio\" width=\"199\" height=\"55\" \/><\/a><\/td>\n<td><a title=\"Licita\u00e7\u00f5es e Contratos\" href=\"http:\/\/www.stconsultoria.com.br\/site\/?page_id=84\"><img decoding=\"async\" loading=\"lazy\" class=\"alignnone size-full wp-image-407\" src=\"http:\/\/www.stconsultoria.com.br\/site\/wp-content\/uploads\/2011\/09\/licitacoes-e-contratos.png\" alt=\"licitacoes-e-contratos\" width=\"199\" height=\"55\" \/><\/a><\/td>\n<td><a title=\"Almoxarifado\" href=\"http:\/\/www.stconsultoria.com.br\/site\/?page_id=95\"><img decoding=\"async\" loading=\"lazy\" class=\"alignnone size-full wp-image-408\" src=\"http:\/\/www.stconsultoria.com.br\/site\/wp-content\/uploads\/2011\/09\/almoxarifado.png\" alt=\"almoxarifado\" width=\"199\" height=\"55\" \/><\/a><\/td>\n<td><a title=\"Arrecada\u00e7\u00e3o Municipal\" href=\"http:\/\/www.stconsultoria.com.br\/site\/?page_id=97\"><img decoding=\"async\" loading=\"lazy\" class=\"alignnone size-full wp-image-409\" src=\"http:\/\/www.stconsultoria.com.br\/site\/wp-content\/uploads\/2011\/09\/arrecadacao-municipal.png\" alt=\"arrecadacao-municipal\" width=\"199\" height=\"55\" \/><\/a><\/td>\n<\/tr>\n<tr>\n<td><a title=\"Controle Farmac\u00eautico\" href=\"http:\/\/www.stconsultoria.com.br\/site\/?page_id=102\"><img decoding=\"async\" loading=\"lazy\" class=\"alignnone size-full wp-image-411\" src=\"http:\/\/www.stconsultoria.com.br\/site\/wp-content\/uploads\/2011\/09\/controle-farmaceutico.png\" alt=\"controle-farmaceutico\" width=\"199\" height=\"55\" \/><\/a><\/td>\n<td><a title=\"Protocolo\" href=\"http:\/\/www.stconsultoria.com.br\/site\/?page_id=93\"><img decoding=\"async\" loading=\"lazy\" class=\"alignnone size-full wp-image-412\" src=\"http:\/\/www.stconsultoria.com.br\/site\/wp-content\/uploads\/2011\/09\/protocolo.png\" alt=\"protocolo\" width=\"199\" height=\"55\" \/><\/a><\/td>\n<td><a title=\"Di\u00e1ria\" href=\"http:\/\/www.stconsultoria.com.br\/site\/?page_id=91\"><img decoding=\"async\" loading=\"lazy\" class=\"alignnone size-full wp-image-413\" src=\"http:\/\/www.stconsultoria.com.br\/site\/wp-content\/uploads\/2011\/09\/diaria.png\" alt=\"diaria\" width=\"199\" height=\"55\" \/><\/a><\/td>\n<td><a title=\"Frota\" href=\"http:\/\/www.stconsultoria.com.br\/site\/?page_id=89\"><img decoding=\"async\" loading=\"lazy\" class=\"alignnone size-full wp-image-414\" src=\"http:\/\/www.stconsultoria.com.br\/site\/wp-content\/uploads\/2011\/09\/frota.png\" alt=\"frota\" width=\"199\" height=\"55\" \/><\/a><\/td>\n<\/tr>\n<tr>\n<td><a title=\"Compras\" href=\"http:\/\/www.stconsultoria.com.br\/site\/?page_id=87\"><img decoding=\"async\" loading=\"lazy\" class=\"alignnone size-full wp-image-415\" src=\"http:\/\/www.stconsultoria.com.br\/site\/wp-content\/uploads\/2011\/09\/compras.png\" alt=\"compras\" width=\"199\" height=\"55\" \/><\/a><\/td>\n<td><a title=\"Publica\u00e7\u00f5es Web\" href=\"http:\/\/www.stconsultoria.com.br\/site\/?page_id=322\"><img decoding=\"async\" loading=\"lazy\" class=\"alignnone size-full wp-image-416\" src=\"http:\/\/www.stconsultoria.com.br\/site\/wp-content\/uploads\/2011\/09\/publicacoes-web.png\" alt=\"publicacoes-web\" width=\"199\" height=\"55\" \/><\/a><\/td>\n<td><a title=\"Contracheque Web\" href=\"http:\/\/www.stconsultoria.com.br\/site\/?page_id=310\"><img decoding=\"async\" loading=\"lazy\" class=\"alignnone size-full wp-image-417\" src=\"http:\/\/www.stconsultoria.com.br\/site\/wp-content\/uploads\/2011\/09\/contracheque-web.png\" alt=\"contracheque-web\" width=\"199\" height=\"55\" \/><\/a><\/td>\n<td><a title=\"Protocolo Web\" href=\"http:\/\/www.stconsultoria.com.br\/site\/?page_id=317\"><img decoding=\"async\" loading=\"lazy\" class=\"alignnone size-full wp-image-418\" src=\"http:\/\/www.stconsultoria.com.br\/site\/wp-content\/uploads\/2011\/09\/protocolo-web.png\" alt=\"protocolo-web\" width=\"199\" height=\"55\" \/><\/a><\/td>\n<\/tr>\n<\/tbody>\n<\/table>\n","protected":false},"excerpt":{"rendered":"<p>As solu\u00e7\u00f5es desenvolvidas pela ST\u00a0possuem os atributos necess\u00e1rios \u00e0 boa gest\u00e3o e respeito aos Princ\u00edpios Constitucionais da Administra\u00e7\u00e3o P\u00fablica: Legalidade, Impessoalidade, Moralidade, Publicidade e Efici\u00eancia. S\u00e3o solu\u00e7\u00f5es pr\u00e1ticas e eficazes para uma administra\u00e7\u00e3o moderna e com respostas em tempo real \u00e0s demandas, al\u00e9m de disponibilizar um suporte de alto n\u00edvel de atendimento, possuindo toda a &hellip; <\/p>\n<p><a class=\"more-link btn\" href=\"http:\/\/www.stconsultoria.com.br\/site\/?page_id=30\">Continue lendo<\/a><\/p>\n","protected":false},"author":1,"featured_media":0,"parent":0,"menu_order":1,"comment_status":"open","ping_status":"open","template":"","meta":[],"_links":{"self":[{"href":"http:\/\/www.stconsultoria.com.br\/site\/index.php?rest_route=\/wp\/v2\/pages\/30"}],"collection":[{"href":"http:\/\/www.stconsultoria.com.br\/site\/index.php?rest_route=\/wp\/v2\/pages"}],"about":[{"href":"http:\/\/www.stconsultoria.com.br\/site\/index.php?rest_route=\/wp\/v2\/types\/page"}],"author":[{"embeddable":true,"href":"http:\/\/www.stconsultoria.com.br\/site\/index.php?rest_route=\/wp\/v2\/users\/1"}],"replies":[{"embeddable":true,"href":"http:\/\/www.stconsultoria.com.br\/site\/index.php?rest_route=%2Fwp%2Fv2%2Fcomments&post=30"}],"version-history":[{"count":24,"href":"http:\/\/www.stconsultoria.com.br\/site\/index.php?rest_route=\/wp\/v2\/pages\/30\/revisions"}],"predecessor-version":[{"id":424,"href":"http:\/\/www.stconsultoria.com.br\/site\/index.php?rest_route=\/wp\/v2\/pages\/30\/revisions\/424"}],"wp:attachment":[{"href":"http:\/\/www.stconsultoria.com.br\/site\/index.php?rest_route=%2Fwp%2Fv2%2Fmedia&parent=30"}],"curies":[{"name":"wp","href":"https:\/\/api.w.org\/{rel}","templated":true}]}}