{"id":310,"date":"2014-03-24T13:51:52","date_gmt":"2014-03-24T16:51:52","guid":{"rendered":"http:\/\/www.stconsultoria.com.br\/site\/?page_id=310"},"modified":"2014-09-03T13:53:22","modified_gmt":"2014-09-03T16:53:22","slug":"st-contracheque-online","status":"publish","type":"page","link":"http:\/\/www.stconsultoria.com.br\/site\/?page_id=310","title":{"rendered":"ST Contracheque Web"},"content":{"rendered":"<p style=\"text-align: justify; font-size: 14px;\">O ST Contracheque permite que o servidor p\u00fablico visualize e imprima os seus contracheques de qualquer computador conectado a Internet, em ambiente de acesso seguro.<\/p>\n<p style=\"text-align: justify; font-size: 14px;\">Totalmente integrado ao ST Folha, a publica\u00e7\u00e3o do contracheque \u00e9 feita de forma automatizada e simples. Al\u00e9m disso, o sistema permite a sua integra\u00e7\u00e3o com todos os sistemas de folha de pagamento, atrav\u00e9s da utiliza\u00e7\u00e3o de um layout de importa\u00e7\u00e3o.<\/p>\n<p style=\"text-align: justify; font-size: 14px;\">Possui \u00e1rea de administra\u00e7\u00e3o contendo os dados da entidade, importa\u00e7\u00e3o do contracheque e visualiza\u00e7\u00e3o dos servidores p\u00fablicos cadastrados, al\u00e9m da \u00e1rea do servidor p\u00fablico, contendo os contracheques publicados e dados cadastrais.<\/p>\n<hr \/>\n<table border=\"0\" width=\"100%\">\n<tbody>\n<tr valign=\"top\">\n<td width=\"50%\"><strong>Principais Funcionalidades<\/strong><\/p>\n<ul>\n<li>F\u00e1cil acesso do servidor p\u00fablico que desejar visualizar e imprimir seu contracheque<\/li>\n<li>Seguran\u00e7a: cada servidor p\u00fablico possui uma senha \u00fanica de acesso<\/li>\n<li>Cadastro autom\u00e1tico dos servidores p\u00fablicos no sistema, atrav\u00e9s da publica\u00e7\u00e3o do contracheque<\/li>\n<li>Integrado com o sistema de Folha de Pagamento ST Folha<\/li>\n<li>Integra\u00e7\u00e3o com qualquer sistema de Folha de Pagamento (atrav\u00e9s da utiliza\u00e7\u00e3o do layout de importa\u00e7\u00e3o)<\/li>\n<li>\u00c1rea de administra\u00e7\u00e3o utilizada pelo setor de RH para a visualiza\u00e7\u00e3o dos servidores cadastrados e importa\u00e7\u00e3o do contracheque<\/li>\n<\/ul>\n<\/td>\n<\/tr>\n<\/tbody>\n<\/table>\n<p><iframe loading=\"lazy\" style=\"border: none; overflow: hidden; width: 350px; height: 25px;\" src=\"http:\/\/www.facebook.com\/plugins\/like.php?href=http:\/\/www.stconsultoria.com.br\/site\/?page_id=77&amp;layout=standard&amp;&lt;br \/&gt;&lt;br \/&gt;&lt;br \/&gt;\nshow_faces=false&amp;width=380&amp;action=like&amp;colorscheme=light&amp;height=25&amp;locale=pt_BR\" width=\"320\" height=\"240\" frameborder=\"0\" scrolling=\"no\"><\/iframe><\/p>\n","protected":false},"excerpt":{"rendered":"<p>O ST Contracheque permite que o servidor p\u00fablico visualize e imprima os seus contracheques de qualquer computador conectado a Internet, em ambiente de acesso seguro. Totalmente integrado ao ST Folha, a publica\u00e7\u00e3o do contracheque \u00e9 feita de forma automatizada e simples. Al\u00e9m disso, o sistema permite a sua integra\u00e7\u00e3o com todos os sistemas de folha &hellip; <\/p>\n<p><a class=\"more-link btn\" href=\"http:\/\/www.stconsultoria.com.br\/site\/?page_id=310\">Continue lendo<\/a><\/p>\n","protected":false},"author":1,"featured_media":0,"parent":0,"menu_order":0,"comment_status":"closed","ping_status":"open","template":"","meta":[],"_links":{"self":[{"href":"http:\/\/www.stconsultoria.com.br\/site\/index.php?rest_route=\/wp\/v2\/pages\/310"}],"collection":[{"href":"http:\/\/www.stconsultoria.com.br\/site\/index.php?rest_route=\/wp\/v2\/pages"}],"about":[{"href":"http:\/\/www.stconsultoria.com.br\/site\/index.php?rest_route=\/wp\/v2\/types\/page"}],"author":[{"embeddable":true,"href":"http:\/\/www.stconsultoria.com.br\/site\/index.php?rest_route=\/wp\/v2\/users\/1"}],"replies":[{"embeddable":true,"href":"http:\/\/www.stconsultoria.com.br\/site\/index.php?rest_route=%2Fwp%2Fv2%2Fcomments&post=310"}],"version-history":[{"count":4,"href":"http:\/\/www.stconsultoria.com.br\/site\/index.php?rest_route=\/wp\/v2\/pages\/310\/revisions"}],"predecessor-version":[{"id":397,"href":"http:\/\/www.stconsultoria.com.br\/site\/index.php?rest_route=\/wp\/v2\/pages\/310\/revisions\/397"}],"wp:attachment":[{"href":"http:\/\/www.stconsultoria.com.br\/site\/index.php?rest_route=%2Fwp%2Fv2%2Fmedia&parent=310"}],"curies":[{"name":"wp","href":"https:\/\/api.w.org\/{rel}","templated":true}]}}