{"id":317,"date":"2014-03-25T11:05:22","date_gmt":"2014-03-25T14:05:22","guid":{"rendered":"http:\/\/www.stconsultoria.com.br\/site\/?page_id=317"},"modified":"2014-03-25T11:05:22","modified_gmt":"2014-03-25T14:05:22","slug":"st-protocolo-web","status":"publish","type":"page","link":"http:\/\/www.stconsultoria.com.br\/site\/?page_id=317","title":{"rendered":"ST Protocolo Web"},"content":{"rendered":"<p style=\"text-align: justify; font-size: 14px;\">O Sistema de Gest\u00e3o de Protocolo \u00e9 um sistema que tem como objetivo gerenciar o fluxo de informa\u00e7\u00f5es de forma \u00e1gil e eficiente, garantindo total transpar\u00eancia e confiabilidade nas informa\u00e7\u00f5es processadas dentro da entidade p\u00fablica.<\/p>\n<p style=\"text-align: justify; font-size: 14px;\">Permite o registro de protocolos, autua\u00e7\u00e3o de processos, controle e gerenciamento de prazos, acompanhamento do tempo do tr\u00e2mite, al\u00e9m da anexa\u00e7\u00e3o de arquivos digitais em qualquer a\u00e7\u00e3o executada, garantindo assim a redu\u00e7\u00e3o do fluxo de trabalho e a seguran\u00e7a da informa\u00e7\u00e3o.<\/p>\n<p style=\"text-align: justify; font-size: 14px;\">Atende plenamente as atividades protocolares em qualquer entidade p\u00fablica, oferecendo ferramentas de controle e gereciamento de informa\u00e7\u00f5es sobre todos os documentos e processos registrados. Reduz o fluxo de trabalho e garante informa\u00e7\u00f5es com total transpar\u00eancia, rapidez e confiabilidade.<\/p>\n<hr \/>\n<table width=\"100%\" border=\"0\">\n<tbody>\n<tr valign=\"top\">\n<td width=\"50%\">\n<ul>\n<li>Simplifica\u00e7\u00e3o do trabalho pela substitui\u00e7\u00e3o de fases manuais por a\u00e7\u00f5es automatizadas.<\/li>\n<li>Emiss\u00e3o pelo sistema do n\u00famero \u00fanico de protocolo de documentos e de processos com autenticidade.<\/li>\n<li>Hist\u00f3rico total detalhado de todas as a\u00e7\u00f5es sobre o processo, desde a sua cria\u00e7\u00e3o at\u00e9 a finaliza\u00e7\u00e3o.<\/li>\n<li>Ferramenta indispens\u00e1vel ao fornecimento de informa\u00e7\u00f5es ao controle interno da cidade.<\/li>\n<li>Transpar\u00eancia no atendimento ao cidad\u00e3o.<\/li>\n<\/ul>\n<\/td>\n<\/tr>\n<\/tbody>\n<\/table>\n<p><iframe loading=\"lazy\" style=\"border: none; overflow: hidden; width: 350px; height: 25px;\" src=\"http:\/\/www.facebook.com\/plugins\/like.php?href=http:\/\/www.stconsultoria.com.br\/site\/?page_id=77&amp;layout=standard&amp;&lt;br \/&gt;&lt;br \/&gt;&lt;br \/&gt;&lt;br \/&gt;\nshow_faces=false&amp;width=380&amp;action=like&amp;colorscheme=light&amp;height=25&amp;locale=pt_BR\" frameborder=\"0\" scrolling=\"no\" width=\"320\" height=\"240\"><\/iframe><\/p>\n","protected":false},"excerpt":{"rendered":"<p>O Sistema de Gest\u00e3o de Protocolo \u00e9 um sistema que tem como objetivo gerenciar o fluxo de informa\u00e7\u00f5es de forma \u00e1gil e eficiente, garantindo total transpar\u00eancia e confiabilidade nas informa\u00e7\u00f5es processadas dentro da entidade p\u00fablica. Permite o registro de protocolos, autua\u00e7\u00e3o de processos, controle e gerenciamento de prazos, acompanhamento do tempo do tr\u00e2mite, al\u00e9m da &hellip; <\/p>\n<p><a class=\"more-link btn\" href=\"http:\/\/www.stconsultoria.com.br\/site\/?page_id=317\">Continue lendo<\/a><\/p>\n","protected":false},"author":1,"featured_media":0,"parent":0,"menu_order":0,"comment_status":"closed","ping_status":"open","template":"","meta":[],"_links":{"self":[{"href":"http:\/\/www.stconsultoria.com.br\/site\/index.php?rest_route=\/wp\/v2\/pages\/317"}],"collection":[{"href":"http:\/\/www.stconsultoria.com.br\/site\/index.php?rest_route=\/wp\/v2\/pages"}],"about":[{"href":"http:\/\/www.stconsultoria.com.br\/site\/index.php?rest_route=\/wp\/v2\/types\/page"}],"author":[{"embeddable":true,"href":"http:\/\/www.stconsultoria.com.br\/site\/index.php?rest_route=\/wp\/v2\/users\/1"}],"replies":[{"embeddable":true,"href":"http:\/\/www.stconsultoria.com.br\/site\/index.php?rest_route=%2Fwp%2Fv2%2Fcomments&post=317"}],"version-history":[{"count":3,"href":"http:\/\/www.stconsultoria.com.br\/site\/index.php?rest_route=\/wp\/v2\/pages\/317\/revisions"}],"predecessor-version":[{"id":320,"href":"http:\/\/www.stconsultoria.com.br\/site\/index.php?rest_route=\/wp\/v2\/pages\/317\/revisions\/320"}],"wp:attachment":[{"href":"http:\/\/www.stconsultoria.com.br\/site\/index.php?rest_route=%2Fwp%2Fv2%2Fmedia&parent=317"}],"curies":[{"name":"wp","href":"https:\/\/api.w.org\/{rel}","templated":true}]}}