{"id":322,"date":"2014-03-26T10:58:08","date_gmt":"2014-03-26T13:58:08","guid":{"rendered":"http:\/\/www.stconsultoria.com.br\/site\/?page_id=322"},"modified":"2014-03-26T10:58:08","modified_gmt":"2014-03-26T13:58:08","slug":"st-publicacoes","status":"publish","type":"page","link":"http:\/\/www.stconsultoria.com.br\/site\/?page_id=322","title":{"rendered":"ST Publica\u00e7\u00f5es"},"content":{"rendered":"<p style=\"text-align: justify; font-size: 14px;\">O Sistema de Gest\u00e3o de Publica\u00e7\u00f5es, \u00e9 um sistema que tem como objetivo publicar na web as informa\u00e7\u00f5es exigidas pela Lei n\u00ba 12.527 (Lei de Acesso a Informa\u00e7\u00e3o), e pela Lei Complementar n\u00ba 131 (Transpar\u00eancia Municipal).<\/p>\n<p style=\"text-align: justify; font-size: 14px;\">Possui uma interface para a visualiza\u00e7\u00e3o das informa\u00e7\u00f5es publicadas, bem como uma interface para o seu gerenciamento.<\/p>\n<p style=\"text-align: justify; font-size: 14px;\">No sistema \u00e9 poss\u00edvel publicar as informa\u00e7\u00f5es de receita e despesa, licita\u00e7\u00f5es e contratos, programas e a\u00e7\u00f5es, al\u00e9m de permitir o cadastro de toda a equipe de servidores da Entidade Municipal, e a cria\u00e7\u00e3o de um FAQ (perguntas frequentes) para agilizar o processo de busca de informa\u00e7\u00f5es feita pela popula\u00e7\u00e3o.<\/p>\n<p style=\"text-align: justify; font-size: 14px;\">Possui ainda o recurso de importa\u00e7\u00e3o inteligente dos dados provenientes dos sistemas de contabilidade, licita\u00e7\u00f5es e contratos utilizados pela Entidade Municipal, que \u00e9 feito seguindo um layout de importa\u00e7\u00e3o pr\u00e9 definido.<\/p>\n","protected":false},"excerpt":{"rendered":"<p>O Sistema de Gest\u00e3o de Publica\u00e7\u00f5es, \u00e9 um sistema que tem como objetivo publicar na web as informa\u00e7\u00f5es exigidas pela Lei n\u00ba 12.527 (Lei de Acesso a Informa\u00e7\u00e3o), e pela Lei Complementar n\u00ba 131 (Transpar\u00eancia Municipal). Possui uma interface para a visualiza\u00e7\u00e3o das informa\u00e7\u00f5es publicadas, bem como uma interface para o seu gerenciamento. No sistema &hellip; <\/p>\n<p><a class=\"more-link btn\" href=\"http:\/\/www.stconsultoria.com.br\/site\/?page_id=322\">Continue lendo<\/a><\/p>\n","protected":false},"author":1,"featured_media":0,"parent":0,"menu_order":0,"comment_status":"closed","ping_status":"open","template":"","meta":[],"_links":{"self":[{"href":"http:\/\/www.stconsultoria.com.br\/site\/index.php?rest_route=\/wp\/v2\/pages\/322"}],"collection":[{"href":"http:\/\/www.stconsultoria.com.br\/site\/index.php?rest_route=\/wp\/v2\/pages"}],"about":[{"href":"http:\/\/www.stconsultoria.com.br\/site\/index.php?rest_route=\/wp\/v2\/types\/page"}],"author":[{"embeddable":true,"href":"http:\/\/www.stconsultoria.com.br\/site\/index.php?rest_route=\/wp\/v2\/users\/1"}],"replies":[{"embeddable":true,"href":"http:\/\/www.stconsultoria.com.br\/site\/index.php?rest_route=%2Fwp%2Fv2%2Fcomments&post=322"}],"version-history":[{"count":3,"href":"http:\/\/www.stconsultoria.com.br\/site\/index.php?rest_route=\/wp\/v2\/pages\/322\/revisions"}],"predecessor-version":[{"id":325,"href":"http:\/\/www.stconsultoria.com.br\/site\/index.php?rest_route=\/wp\/v2\/pages\/322\/revisions\/325"}],"wp:attachment":[{"href":"http:\/\/www.stconsultoria.com.br\/site\/index.php?rest_route=%2Fwp%2Fv2%2Fmedia&parent=322"}],"curies":[{"name":"wp","href":"https:\/\/api.w.org\/{rel}","templated":true}]}}