{"id":57,"date":"2011-09-30T17:25:05","date_gmt":"2011-09-30T20:25:05","guid":{"rendered":"http:\/\/localhost\/st\/site\/?page_id=57"},"modified":"2014-09-03T14:53:50","modified_gmt":"2014-09-03T17:53:50","slug":"st-financeiro","status":"publish","type":"page","link":"http:\/\/www.stconsultoria.com.br\/site\/?page_id=57","title":{"rendered":"ST Financeiro"},"content":{"rendered":"<p style=\"text-align: justify; font-size:14px;\">Uma Ferramenta indispens\u00e1vel no controle e administra\u00e7\u00e3o de contas banc\u00e1rias, previs\u00f5es, receitas e pagamentos de qualquer setor financeiro que tenha como objetivo a praticidade, agilidade e seguran\u00e7a.<\/p>\n<p style=\"text-align: justify; font-size:14px;\">Suas qualidades gerenciais englobam recursos em cadastramento de grupos de despesa, fornecedores diversos, gera\u00e7\u00e3o de lan\u00e7amentos em lote, confer\u00eancia do extrato manualmente ou por arquivo de retorno banc\u00e1rio e diversas combina\u00e7\u00f5es de relat\u00f3rios que esclarecer\u00e3o toda movimenta\u00e7\u00e3o financeira.<\/p>\n<hr>\n<table width=\"100%\" border=\"0\" style=\"background:none;\">\n<tr valign=\"top\">\n<td width=\"50%\">\n    <b>Processos<\/b><\/p>\n<ul>\n<li>Lan\u00e7amento de receitas previstas<\/li>\n<li>Lan\u00e7amento de receitas arrecadadas<\/li>\n<li>Processo de pagamento<\/li>\n<li>Ordem de pagamento<\/li>\n<li>Transfer\u00eancia banc\u00e1ria<\/li>\n<li>Concilia\u00e7\u00e3o banc\u00e1ria<\/li>\n<li>Exporta\u00e7\u00e3o de receitas para a contabilidade<\/li>\n<li>Importa\u00e7\u00e3o remota de processos \u00e0 pagar da contabilidade<\/li>\n<\/ul>\n<\/td>\n<td>\n    <b>Relat\u00f3rios<\/b><\/p>\n<ul>\n<li>Listagem de previs\u00e3o de receitas e pagamentos<\/li>\n<li>Listagem de receitas lan\u00e7adas<\/li>\n<li>Listagem de processos de pagamentos<\/li>\n<li>Listagem de processos pagos<\/li>\n<li>Impress\u00e3o de extrato de concilia\u00e7\u00e3o banc\u00e1ria<\/li>\n<li>Listagem de natureza da despesa<\/li>\n<li>Impress\u00e3o de extrato banc\u00e1rio (normal ou conciliado)<\/li>\n<li>Impress\u00e3o de extrato por credor<\/li>\n<li>Impress\u00e3o de resumo banc\u00e1rio<\/li>\n<li>Impress\u00e3o de boletim di\u00e1rio<\/li>\n<li>Relat\u00f3rios gerenciais com gr\u00e1ficos<\/li>\n<li>Gr\u00e1fico de natureza da despesa<\/li>\n<li>Gr\u00e1fico de receita \/ pagamentos<\/li>\n<li>Gr\u00e1fico de pagamento por secretaria<\/li>\n<li>Gr\u00e1fico de receita prevista \/ realizada<\/li>\n<\/ul>\n<\/td>\n<\/tr>\n<\/table>\n<p><iframe src=\"http:\/\/www.facebook.com\/plugins\/like.php?href=http:\/\/www.stconsultoria.com.br\/site\/?page_id=57&#038;layout=standard&#038;\nshow_faces=false&#038;width=380&#038;action=like&#038;colorscheme=light&#038;height=25&#038;locale=pt_BR\" scrolling=\"no\" frameborder=\"0\" style=\"border:none; overflow:hidden; width:350px; height:25px;\" allowTransparency=\"true\"><\/iframe><\/p>\n","protected":false},"excerpt":{"rendered":"<p>Uma Ferramenta indispens\u00e1vel no controle e administra\u00e7\u00e3o de contas banc\u00e1rias, previs\u00f5es, receitas e pagamentos de qualquer setor financeiro que tenha como objetivo a praticidade, agilidade e seguran\u00e7a. Suas qualidades gerenciais englobam recursos em cadastramento de grupos de despesa, fornecedores diversos, gera\u00e7\u00e3o de lan\u00e7amentos em lote, confer\u00eancia do extrato manualmente ou por arquivo de retorno banc\u00e1rio &hellip; <\/p>\n<p><a class=\"more-link btn\" href=\"http:\/\/www.stconsultoria.com.br\/site\/?page_id=57\">Continue lendo<\/a><\/p>\n","protected":false},"author":1,"featured_media":0,"parent":0,"menu_order":1,"comment_status":"closed","ping_status":"closed","template":"","meta":[],"_links":{"self":[{"href":"http:\/\/www.stconsultoria.com.br\/site\/index.php?rest_route=\/wp\/v2\/pages\/57"}],"collection":[{"href":"http:\/\/www.stconsultoria.com.br\/site\/index.php?rest_route=\/wp\/v2\/pages"}],"about":[{"href":"http:\/\/www.stconsultoria.com.br\/site\/index.php?rest_route=\/wp\/v2\/types\/page"}],"author":[{"embeddable":true,"href":"http:\/\/www.stconsultoria.com.br\/site\/index.php?rest_route=\/wp\/v2\/users\/1"}],"replies":[{"embeddable":true,"href":"http:\/\/www.stconsultoria.com.br\/site\/index.php?rest_route=%2Fwp%2Fv2%2Fcomments&post=57"}],"version-history":[{"count":13,"href":"http:\/\/www.stconsultoria.com.br\/site\/index.php?rest_route=\/wp\/v2\/pages\/57\/revisions"}],"predecessor-version":[{"id":205,"href":"http:\/\/www.stconsultoria.com.br\/site\/index.php?rest_route=\/wp\/v2\/pages\/57\/revisions\/205"}],"wp:attachment":[{"href":"http:\/\/www.stconsultoria.com.br\/site\/index.php?rest_route=%2Fwp%2Fv2%2Fmedia&parent=57"}],"curies":[{"name":"wp","href":"https:\/\/api.w.org\/{rel}","templated":true}]}}