{"id":71,"date":"2011-09-30T17:41:25","date_gmt":"2011-09-30T20:41:25","guid":{"rendered":"http:\/\/localhost\/st\/site\/?page_id=71"},"modified":"2014-09-03T14:54:08","modified_gmt":"2014-09-03T17:54:08","slug":"st-controle-interno","status":"publish","type":"page","link":"http:\/\/www.stconsultoria.com.br\/site\/?page_id=71","title":{"rendered":"ST Controle Interno"},"content":{"rendered":"<p style=\"text-align: justify; font-size:14px;\">Uma poderosa ferramenta no apoio ao controlador interno de qualquer \u00f3rg\u00e3o p\u00fablico. Sua utiliza\u00e7\u00e3o permite ao controlador fazer sua programa\u00e7\u00e3o de auditoria e acompanhar toda a sua execu\u00e7\u00e3o, gerando relat\u00f3rios e of\u00edcios internos (secret\u00e1rio\/prefeito) e externos (tribunais).<\/p>\n<p style=\"text-align: justify; font-size:14px;\">Possui tamb\u00e9m uma gama de relat\u00f3rios gerenciais que ajudar\u00e1 o controlador na tarefa de acompanhar os resultados obtidos periodicamente.<\/p>\n<hr \/>\n<table width=\"100%\" border=\"0\">\n<tr valign=\"top\">\n<td width=\"50%\">\n    <b>Lan\u00e7amentos<\/b><\/p>\n<ul>\n<li>Calend\u00e1rio de obriga\u00e7\u00f5es legais<\/li>\n<li>Planejamento de Auditoria<\/li>\n<li>Execu\u00e7\u00e3o de auditoria<\/li>\n<li>Lan\u00e7amento do informe mensal<\/li>\n<li>Lan\u00e7amento de checklist<\/li>\n<li>Lan\u00e7amento de metas fiscais<\/li>\n<li>Lan\u00e7amento de resultado prim\u00e1rio e nominal<\/li>\n<li>Gerador de of\u00edcio e parecer<\/li>\n<li>Ger\u00eancia<\/li>\n<li>Apura\u00e7\u00e3o de limites constitucionais, de educa\u00e7\u00e3o e sa\u00fade<\/li>\n<li>Apura\u00e7\u00e3o da receita corrente l\u00edquida<\/li>\n<li>Acompanhamento de aplica\u00e7\u00f5es (educa\u00e7\u00e3o e sa\u00fade)<\/li>\n<li>Acompanhamento de limites (cativos, inativos, terceiros e Tempor\u00e1rios)<\/li>\n<li>Acompanhamento de repasses<\/li>\n<li>Controle de presta\u00e7\u00e3o de contas de conv\u00eanios (recebidos e repassados)<\/li>\n<li>Controle de presta\u00e7\u00e3o de contas de adiantamentos<\/li>\n<\/ul>\n<\/td>\n<td>\n    <b>Relat\u00f3rios<\/b><\/p>\n<ul>\n<li>Relat\u00f3rio mensal de auditoria<\/li>\n<li>Relat\u00f3rio mensal de reavalia\u00e7\u00e3o<\/li>\n<li>Relat\u00f3rio mensal de controle interno<\/li>\n<li>Relat\u00f3rio anual de controle interno<\/li>\n<li>Acompanhamento de metas PPA\/LOA<\/li>\n<li>Acompanhamento de anexos fiscais<\/li>\n<li>Cronograma de auditoria<\/li>\n<li>Impress\u00e3o de checklist<\/li>\n<li>Integra\u00e7\u00e3o com os sistemas da ST<\/li>\n<\/ul>\n<\/td>\n<\/tr>\n<\/table>\n<p><iframe src=\"http:\/\/www.facebook.com\/plugins\/like.php?href=http:\/\/www.stconsultoria.com.br\/site\/?page_id=71&#038;layout=standard&#038;\nshow_faces=false&#038;width=380&#038;action=like&#038;colorscheme=light&#038;height=25&#038;locale=pt_BR\" scrolling=\"no\" frameborder=\"0\" style=\"border:none; overflow:hidden; width:350px; height:25px;\" allowTransparency=\"true\"><\/iframe><\/p>\n","protected":false},"excerpt":{"rendered":"<p>Uma poderosa ferramenta no apoio ao controlador interno de qualquer \u00f3rg\u00e3o p\u00fablico. Sua utiliza\u00e7\u00e3o permite ao controlador fazer sua programa\u00e7\u00e3o de auditoria e acompanhar toda a sua execu\u00e7\u00e3o, gerando relat\u00f3rios e of\u00edcios internos (secret\u00e1rio\/prefeito) e externos (tribunais). Possui tamb\u00e9m uma gama de relat\u00f3rios gerenciais que ajudar\u00e1 o controlador na tarefa de acompanhar os resultados obtidos &hellip; <\/p>\n<p><a class=\"more-link btn\" href=\"http:\/\/www.stconsultoria.com.br\/site\/?page_id=71\">Continue lendo<\/a><\/p>\n","protected":false},"author":1,"featured_media":0,"parent":0,"menu_order":3,"comment_status":"closed","ping_status":"closed","template":"","meta":[],"_links":{"self":[{"href":"http:\/\/www.stconsultoria.com.br\/site\/index.php?rest_route=\/wp\/v2\/pages\/71"}],"collection":[{"href":"http:\/\/www.stconsultoria.com.br\/site\/index.php?rest_route=\/wp\/v2\/pages"}],"about":[{"href":"http:\/\/www.stconsultoria.com.br\/site\/index.php?rest_route=\/wp\/v2\/types\/page"}],"author":[{"embeddable":true,"href":"http:\/\/www.stconsultoria.com.br\/site\/index.php?rest_route=\/wp\/v2\/users\/1"}],"replies":[{"embeddable":true,"href":"http:\/\/www.stconsultoria.com.br\/site\/index.php?rest_route=%2Fwp%2Fv2%2Fcomments&post=71"}],"version-history":[{"count":7,"href":"http:\/\/www.stconsultoria.com.br\/site\/index.php?rest_route=\/wp\/v2\/pages\/71\/revisions"}],"predecessor-version":[{"id":207,"href":"http:\/\/www.stconsultoria.com.br\/site\/index.php?rest_route=\/wp\/v2\/pages\/71\/revisions\/207"}],"wp:attachment":[{"href":"http:\/\/www.stconsultoria.com.br\/site\/index.php?rest_route=%2Fwp%2Fv2%2Fmedia&parent=71"}],"curies":[{"name":"wp","href":"https:\/\/api.w.org\/{rel}","templated":true}]}}