{"id":77,"date":"2011-10-04T13:18:27","date_gmt":"2011-10-04T16:18:27","guid":{"rendered":"http:\/\/localhost\/st\/site\/?page_id=77"},"modified":"2014-09-03T14:54:15","modified_gmt":"2014-09-03T17:54:15","slug":"st-patrimonio","status":"publish","type":"page","link":"http:\/\/www.stconsultoria.com.br\/site\/?page_id=77","title":{"rendered":"ST Patrim\u00f4nio"},"content":{"rendered":"<p style=\"text-align: justify; font-size:14px;\">Sistema desenvolvido para auxiliar no controle de patrim\u00f4nios p\u00fablicos, oferecendo uma gama de ferramentas que ajudam no seu gerenciamento.<\/p>\n<p style=\"text-align: justify; font-size:14px;\">Permite a emiss\u00e3o de diversos relat\u00f3rios necess\u00e1rios para manter o usu\u00e1rio informado de todas as incorpora\u00e7\u00f5es, transfer\u00eancias e baixas dos bens por ele controlado.<\/p>\n<hr \/>\n<table width=\"100%\" border=\"0\">\n<tr valign=\"top\">\n<td width=\"50%\">\n    <b>Movimento<\/b><\/p>\n<ul>\n<li>Lan\u00e7amento de todos os bens existentes<\/li>\n<li>Reavalia\u00e7\u00e3o financeira dos bens cadastrados<\/li>\n<li>Realiza transfer\u00eancia de localiza\u00e7\u00e3o dos bens cadastrados<\/li>\n<li>Lan\u00e7amento de ocorr\u00eancias\/baixas<\/li>\n<li>Transfer\u00eancia provis\u00f3ria ou definitiva de bens<\/li>\n<li>Exporta\u00e7\u00e3o para o SIGA<\/li>\n<\/ul>\n<\/td>\n<td>\n    <b>Relat\u00f3rios<\/b><\/p>\n<ul>\n<li>Listagem de bens incorporados<\/li>\n<li>Listagem de bens transferidos<\/li>\n<li>Listagem de bens baixados<\/li>\n<li>Impress\u00e3o do livro tombo<\/li>\n<li>Impress\u00e3o do termo de guarda<\/li>\n<li>Listagem de bens por centro de custo<\/li>\n<li>Termo de baixa definitiva<\/li>\n<li>Termo de abertura de livro tombo<\/li>\n<li>Termo de encerramento de livro tombo<\/li>\n<li>Termo de confer\u00eancia anual<\/li>\n<li>Arrolamento das exist\u00eancias<\/li>\n<li>Resumo por conta cont\u00e1bil<\/li>\n<\/ul>\n<\/td>\n<\/tr>\n<\/table>\n<p><iframe src=\"http:\/\/www.facebook.com\/plugins\/like.php?href=http:\/\/www.stconsultoria.com.br\/site\/?page_id=77&#038;layout=standard&#038;\nshow_faces=false&#038;width=380&#038;action=like&#038;colorscheme=light&#038;height=25&#038;locale=pt_BR\" scrolling=\"no\" frameborder=\"0\" style=\"border:none; overflow:hidden; width:350px; height:25px;\" allowTransparency=\"true\"><\/iframe><\/p>\n","protected":false},"excerpt":{"rendered":"<p>Sistema desenvolvido para auxiliar no controle de patrim\u00f4nios p\u00fablicos, oferecendo uma gama de ferramentas que ajudam no seu gerenciamento. Permite a emiss\u00e3o de diversos relat\u00f3rios necess\u00e1rios para manter o usu\u00e1rio informado de todas as incorpora\u00e7\u00f5es, transfer\u00eancias e baixas dos bens por ele controlado. Movimento Lan\u00e7amento de todos os bens existentes Reavalia\u00e7\u00e3o financeira dos bens cadastrados &hellip; <\/p>\n<p><a class=\"more-link btn\" href=\"http:\/\/www.stconsultoria.com.br\/site\/?page_id=77\">Continue lendo<\/a><\/p>\n","protected":false},"author":1,"featured_media":0,"parent":0,"menu_order":4,"comment_status":"closed","ping_status":"closed","template":"","meta":[],"_links":{"self":[{"href":"http:\/\/www.stconsultoria.com.br\/site\/index.php?rest_route=\/wp\/v2\/pages\/77"}],"collection":[{"href":"http:\/\/www.stconsultoria.com.br\/site\/index.php?rest_route=\/wp\/v2\/pages"}],"about":[{"href":"http:\/\/www.stconsultoria.com.br\/site\/index.php?rest_route=\/wp\/v2\/types\/page"}],"author":[{"embeddable":true,"href":"http:\/\/www.stconsultoria.com.br\/site\/index.php?rest_route=\/wp\/v2\/users\/1"}],"replies":[{"embeddable":true,"href":"http:\/\/www.stconsultoria.com.br\/site\/index.php?rest_route=%2Fwp%2Fv2%2Fcomments&post=77"}],"version-history":[{"count":9,"href":"http:\/\/www.stconsultoria.com.br\/site\/index.php?rest_route=\/wp\/v2\/pages\/77\/revisions"}],"predecessor-version":[{"id":208,"href":"http:\/\/www.stconsultoria.com.br\/site\/index.php?rest_route=\/wp\/v2\/pages\/77\/revisions\/208"}],"wp:attachment":[{"href":"http:\/\/www.stconsultoria.com.br\/site\/index.php?rest_route=%2Fwp%2Fv2%2Fmedia&parent=77"}],"curies":[{"name":"wp","href":"https:\/\/api.w.org\/{rel}","templated":true}]}}