{"id":84,"date":"2011-10-04T13:29:33","date_gmt":"2011-10-04T16:29:33","guid":{"rendered":"http:\/\/localhost\/st\/site\/?page_id=84"},"modified":"2014-09-03T14:55:40","modified_gmt":"2014-09-03T17:55:40","slug":"st-licitacoes-e-contratos","status":"publish","type":"page","link":"http:\/\/www.stconsultoria.com.br\/site\/?page_id=84","title":{"rendered":"ST Licita\u00e7\u00f5es e Contratos"},"content":{"rendered":"<p style=\"text-align: justify; font-size:14px;\">Uma ferramenta desenvolvida com o objetivo de apoiar o setor de licita\u00e7\u00f5es e contratos das entidades, \u00f3rg\u00e3os e autarquias p\u00fablicas, adequando-se \u00e0s diversas formas de trabalho e cumprindo com todas as exig\u00eancias legais previstas na lei n\u00ba 8.666\/93, 10.520 e demais resolu\u00e7\u00f5es do tribunal de contas dos munic\u00edpios. Oferece suporte tecnol\u00f3gico aos usu\u00e1rios que necessitam de agilidade e seguran\u00e7a nas informa\u00e7\u00f5es di\u00e1rias, tratando de forma precisa todos os dados relevantes ao trabalho do setor.<\/p>\n<p style=\"text-align: justify; font-size:14px;\">Totalmente preparado para atender \u00e0s exporta\u00e7\u00f5es para o Tribunal de Contas do Munic\u00edpio, o aplicativo ainda conta com uma gama de op\u00e7\u00f5es que facilitam o trabalho no dia-a-dia do usu\u00e1rio, tendo \u00e0 sua disposi\u00e7\u00e3o ferramentas como um gerador de relat\u00f3rios que possibilita a cria\u00e7\u00e3o de diversas listagens, al\u00e9m das j\u00e1 existentes, dando a possibilidade de ampliar o gerenciamento dos dados, podendo tamb\u00e9m contar com rotinas b\u00e1sicas, essenciais para a seguran\u00e7a das informa\u00e7\u00f5es armazenadas no aplicativo diariamente.<\/p>\n<hr \/>\n<table width=\"100%\" border=\"0\">\n<tr valign=\"top\">\n<td width=\"50%\">\n    <b>Movimento<\/b><\/p>\n<ul>\n<li>Solicita\u00e7\u00e3o de despesas<\/li>\n<li>Cota\u00e7\u00e3o de pre\u00e7os<\/li>\n<li>Habilita\u00e7\u00e3o de participante\/fornecedor<\/li>\n<li>Membro da licita\u00e7\u00e3o<\/li>\n<li>Contratos<\/li>\n<li>Processo licitat\u00f3rio<\/li>\n<li>Dispensa\/Inexigibilidade<\/li>\n<li>Retirada de edital<\/li>\n<li>Aplica\u00e7\u00e3o de san\u00e7\u00f5es<\/li>\n<li>Preg\u00e3o presencial<\/li>\n<li>Credenciamento de fornecedor<\/li>\n<li>Autoriza\u00e7\u00e3o de fornecimento<\/li>\n<li>Controle de entrega<\/li>\n<li>San\u00e7\u00f5es<\/li>\n<\/ul>\n<\/td>\n<td>\n    <b>Relat\u00f3rios<\/b><\/p>\n<ul>\n<li>Mapas corporativos<\/li>\n<li>Cota\u00e7\u00e3o de pre\u00e7os<\/li>\n<li>Parecer cont\u00e1bil e jur\u00eddico<\/li>\n<li>Termo de homologa\u00e7\u00e3o e adjudi\u00e7\u00e3o<\/li>\n<li>Atas das reuni\u00f5es<\/li>\n<li>Edital de licita\u00e7\u00e3o (modelos personaliz\u00e1veis)<\/li>\n<li>Minuta do contrato (modelos personaliz\u00e1veis)<\/li>\n<li>Contratos (modelos personaliz\u00e1veis)<\/li>\n<li>Protocolo de entrega de convite<\/li>\n<li>Relat\u00f3rio de autua\u00e7\u00e3o<\/li>\n<li>Declara\u00e7\u00e3o de ren\u00fancia<\/li>\n<li>Hist\u00f3rico de processo licitat\u00f3rio (preg\u00e3o)<\/li>\n<li>Certificado de registro cadastral (CRC)<\/li>\n<li>Saldo de compras<\/li>\n<\/ul>\n<\/td>\n<\/tr>\n<\/table>\n<p><iframe src=\"http:\/\/www.facebook.com\/plugins\/like.php?href=http:\/\/www.stconsultoria.com.br\/site\/?page_id=84&#038;layout=standard&#038;\nshow_faces=false&#038;width=380&#038;action=like&#038;colorscheme=light&#038;height=25&#038;locale=pt_BR\" scrolling=\"no\" frameborder=\"0\" style=\"border:none; overflow:hidden; width:350px; height:25px;\" allowTransparency=\"true\"><\/iframe><\/p>\n","protected":false},"excerpt":{"rendered":"<p>Uma ferramenta desenvolvida com o objetivo de apoiar o setor de licita\u00e7\u00f5es e contratos das entidades, \u00f3rg\u00e3os e autarquias p\u00fablicas, adequando-se \u00e0s diversas formas de trabalho e cumprindo com todas as exig\u00eancias legais previstas na lei n\u00ba 8.666\/93, 10.520 e demais resolu\u00e7\u00f5es do tribunal de contas dos munic\u00edpios. Oferece suporte tecnol\u00f3gico aos usu\u00e1rios que necessitam &hellip; <\/p>\n<p><a class=\"more-link btn\" href=\"http:\/\/www.stconsultoria.com.br\/site\/?page_id=84\">Continue lendo<\/a><\/p>\n","protected":false},"author":1,"featured_media":0,"parent":0,"menu_order":5,"comment_status":"closed","ping_status":"closed","template":"","meta":[],"_links":{"self":[{"href":"http:\/\/www.stconsultoria.com.br\/site\/index.php?rest_route=\/wp\/v2\/pages\/84"}],"collection":[{"href":"http:\/\/www.stconsultoria.com.br\/site\/index.php?rest_route=\/wp\/v2\/pages"}],"about":[{"href":"http:\/\/www.stconsultoria.com.br\/site\/index.php?rest_route=\/wp\/v2\/types\/page"}],"author":[{"embeddable":true,"href":"http:\/\/www.stconsultoria.com.br\/site\/index.php?rest_route=\/wp\/v2\/users\/1"}],"replies":[{"embeddable":true,"href":"http:\/\/www.stconsultoria.com.br\/site\/index.php?rest_route=%2Fwp%2Fv2%2Fcomments&post=84"}],"version-history":[{"count":5,"href":"http:\/\/www.stconsultoria.com.br\/site\/index.php?rest_route=\/wp\/v2\/pages\/84\/revisions"}],"predecessor-version":[{"id":209,"href":"http:\/\/www.stconsultoria.com.br\/site\/index.php?rest_route=\/wp\/v2\/pages\/84\/revisions\/209"}],"wp:attachment":[{"href":"http:\/\/www.stconsultoria.com.br\/site\/index.php?rest_route=%2Fwp%2Fv2%2Fmedia&parent=84"}],"curies":[{"name":"wp","href":"https:\/\/api.w.org\/{rel}","templated":true}]}}