{"id":87,"date":"2011-10-04T13:43:23","date_gmt":"2011-10-04T16:43:23","guid":{"rendered":"http:\/\/localhost\/st\/site\/?page_id=87"},"modified":"2014-09-03T14:56:22","modified_gmt":"2014-09-03T17:56:22","slug":"st-compras","status":"publish","type":"page","link":"http:\/\/www.stconsultoria.com.br\/site\/?page_id=87","title":{"rendered":"ST Compras"},"content":{"rendered":"<p style=\"text-align: justify; font-size:14px;\">Um aplicativo que controla os processos de compras realizadas pela gest\u00e3o p\u00fablica sobre todas as aquisi\u00e7\u00f5es de produtos ou servi\u00e7os realizados, provenientes de dispensa de licita\u00e7\u00e3o (compra direta). A implementa\u00e7\u00e3o deste aplicativo traz benef\u00edcios para a entidade, e tamb\u00e9m para os seus fornecedores e sociedade.<\/p>\n<p style=\"text-align: justify; font-size:14px;\">Conta com recursos que o tornam mais completo, atendendo \u00e0s necessidades do usu\u00e1rio. Al\u00e9m de agilizar todo o processo de compra, desde a solicita\u00e7\u00e3o de despesa at\u00e9 a autoriza\u00e7\u00e3o do fornecimento, facilita o controle interno e externo, atrav\u00e9s de informa\u00e7\u00f5es claras e precisas dispon\u00edveis em tempo real. Tudo isso reduz os custos operacionais e torna o procedimento de cota\u00e7\u00e3o de pre\u00e7o mais din\u00e2mico.<\/p>\n<hr \/>\n<table width=\"100%\" border=\"0\">\n<tr valign=\"top\">\n<td width=\"50%\">\n    <b>Processos<\/b><\/p>\n<ul>\n<li>Solicita\u00e7\u00e3o de despesa<\/li>\n<li>Processo administrativo<\/li>\n<li>Cota\u00e7\u00e3o de pre\u00e7os<\/li>\n<li>Compra<\/li>\n<li>Controle de fornecimento<\/li>\n<\/ul>\n<\/td>\n<td>\n    <b>Alguns Relat\u00f3rios<\/b><\/p>\n<ul>\n<li>Guia de solicita\u00e7\u00e3o de despesa<\/li>\n<li>Processo administrativo<\/li>\n<li>Capa de processo<\/li>\n<li>Mapa comparativo<\/li>\n<li>Cota\u00e7\u00e3o de pre\u00e7os<\/li>\n<li>Autoriza\u00e7\u00e3o de fornecimento<\/li>\n<li>Controle de entrega<\/li>\n<li>Hist\u00f3rico de compras (por produto, fornecedor e centro de custo)<\/li>\n<li>Termo de dispensa<\/li>\n<li>Relat\u00f3rio de compras por per\u00edodo<\/li>\n<li>Saldo de compras<\/li>\n<\/ul>\n<\/td>\n<\/tr>\n<\/table>\n<p><iframe src=\"http:\/\/www.facebook.com\/plugins\/like.php?href=http:\/\/www.stconsultoria.com.br\/site\/?page_id=87&#038;layout=standard&#038;\nshow_faces=false&#038;width=380&#038;action=like&#038;colorscheme=light&#038;height=25&#038;locale=pt_BR\" scrolling=\"no\" frameborder=\"0\" style=\"border:none; overflow:hidden; width:350px; height:25px;\" allowTransparency=\"true\"><\/iframe><\/p>\n","protected":false},"excerpt":{"rendered":"<p>Um aplicativo que controla os processos de compras realizadas pela gest\u00e3o p\u00fablica sobre todas as aquisi\u00e7\u00f5es de produtos ou servi\u00e7os realizados, provenientes de dispensa de licita\u00e7\u00e3o (compra direta). A implementa\u00e7\u00e3o deste aplicativo traz benef\u00edcios para a entidade, e tamb\u00e9m para os seus fornecedores e sociedade. Conta com recursos que o tornam mais completo, atendendo \u00e0s &hellip; <\/p>\n<p><a class=\"more-link btn\" href=\"http:\/\/www.stconsultoria.com.br\/site\/?page_id=87\">Continue lendo<\/a><\/p>\n","protected":false},"author":1,"featured_media":0,"parent":0,"menu_order":6,"comment_status":"closed","ping_status":"closed","template":"","meta":[],"_links":{"self":[{"href":"http:\/\/www.stconsultoria.com.br\/site\/index.php?rest_route=\/wp\/v2\/pages\/87"}],"collection":[{"href":"http:\/\/www.stconsultoria.com.br\/site\/index.php?rest_route=\/wp\/v2\/pages"}],"about":[{"href":"http:\/\/www.stconsultoria.com.br\/site\/index.php?rest_route=\/wp\/v2\/types\/page"}],"author":[{"embeddable":true,"href":"http:\/\/www.stconsultoria.com.br\/site\/index.php?rest_route=\/wp\/v2\/users\/1"}],"replies":[{"embeddable":true,"href":"http:\/\/www.stconsultoria.com.br\/site\/index.php?rest_route=%2Fwp%2Fv2%2Fcomments&post=87"}],"version-history":[{"count":4,"href":"http:\/\/www.stconsultoria.com.br\/site\/index.php?rest_route=\/wp\/v2\/pages\/87\/revisions"}],"predecessor-version":[{"id":210,"href":"http:\/\/www.stconsultoria.com.br\/site\/index.php?rest_route=\/wp\/v2\/pages\/87\/revisions\/210"}],"wp:attachment":[{"href":"http:\/\/www.stconsultoria.com.br\/site\/index.php?rest_route=%2Fwp%2Fv2%2Fmedia&parent=87"}],"curies":[{"name":"wp","href":"https:\/\/api.w.org\/{rel}","templated":true}]}}