{"id":89,"date":"2011-10-04T17:37:42","date_gmt":"2011-10-04T20:37:42","guid":{"rendered":"http:\/\/localhost\/st\/site\/?page_id=89"},"modified":"2014-09-03T14:55:47","modified_gmt":"2014-09-03T17:55:47","slug":"st-frota","status":"publish","type":"page","link":"http:\/\/www.stconsultoria.com.br\/site\/?page_id=89","title":{"rendered":"ST Frota"},"content":{"rendered":"<p style=\"text-align: justify; font-size:14px;\">Um aplicativo desenvolvido para gerenciar a frota de autom\u00f3veis, m\u00e1quinas pesadas e similares. Os dados dos ve\u00edculos, motoristas e de utiliza\u00e7\u00e3o s\u00e3o agrupados e geradas as informa\u00e7\u00f5es de custos de consumo de combust\u00edvel di\u00e1rio, mensal e por ve\u00edculo, al\u00e9m de custos de manuten\u00e7\u00e3o.<\/p>\n<p style=\"text-align: justify; font-size:14px;\">O sistema gerencia os \u00edtens de reposi\u00e7\u00e3o, multas, consumo de combust\u00edvel, movimenta\u00e7\u00e3o di\u00e1ria, licenciamento e seguro da frota. Possui interface gr\u00e1fica amig\u00e1vel e pr\u00e1tica. Toda a movimenta\u00e7\u00e3o \u00e9 bem simples e intuitiva, e pode ser acompanhada por relat\u00f3rios objetivos e din\u00e2micos, facilitando a administra\u00e7\u00e3o da frota.<\/p>\n<hr \/>\n<table width=\"100%\" border=\"0\">\n<tr valign=\"top\">\n<td width=\"50%\">\n    <b>Processos<\/b><\/p>\n<ul>\n<li>Movimenta\u00e7\u00e3o di\u00e1ria<\/li>\n<li>Controle de abastecimento<\/li>\n<li>Manuten\u00e7\u00e3o (\u00edtens e servi\u00e7os)<\/li>\n<li>Controle de multas<\/li>\n<li>Controle de licenciamento<\/li>\n<li>Programa\u00e7\u00e3o de manuten\u00e7\u00e3o<\/li>\n<li>Programa\u00e7\u00e3o de ve\u00edculo<\/li>\n<li>Controle de seguro<\/li>\n<\/ul>\n<\/td>\n<td>\n    <b>Alguns Relat\u00f3rios<\/b><\/p>\n<ul>\n<li>Boletim de movimenta\u00e7\u00e3o de ve\u00edculos<\/li>\n<li>Resumo de consumo de combust\u00edvel<\/li>\n<li>Resumo do faturamento de ve\u00edculos por locadora<\/li>\n<li>Rela\u00e7\u00e3o mensal de autoriza\u00e7\u00e3o de abastecimento<\/li>\n<li>Controle de entradas e sa\u00eddas de ve\u00edculos<\/li>\n<li>Mapa de controle de ve\u00edculos &#8211; despesa gerais<\/li>\n<li>Rela\u00e7\u00e3o mensal de manuten\u00e7\u00e3o<\/li>\n<\/ul>\n<\/td>\n<\/tr>\n<\/table>\n<p><iframe src=\"http:\/\/www.facebook.com\/plugins\/like.php?href=http:\/\/www.stconsultoria.com.br\/site\/?page_id=89&#038;layout=standard&#038;\nshow_faces=false&#038;width=380&#038;action=like&#038;colorscheme=light&#038;height=25&#038;locale=pt_BR\" scrolling=\"no\" frameborder=\"0\" style=\"border:none; overflow:hidden; width:350px; height:25px;\" allowTransparency=\"true\"><\/iframe><\/p>\n","protected":false},"excerpt":{"rendered":"<p>Um aplicativo desenvolvido para gerenciar a frota de autom\u00f3veis, m\u00e1quinas pesadas e similares. Os dados dos ve\u00edculos, motoristas e de utiliza\u00e7\u00e3o s\u00e3o agrupados e geradas as informa\u00e7\u00f5es de custos de consumo de combust\u00edvel di\u00e1rio, mensal e por ve\u00edculo, al\u00e9m de custos de manuten\u00e7\u00e3o. O sistema gerencia os \u00edtens de reposi\u00e7\u00e3o, multas, consumo de combust\u00edvel, movimenta\u00e7\u00e3o &hellip; <\/p>\n<p><a class=\"more-link btn\" href=\"http:\/\/www.stconsultoria.com.br\/site\/?page_id=89\">Continue lendo<\/a><\/p>\n","protected":false},"author":1,"featured_media":0,"parent":0,"menu_order":7,"comment_status":"closed","ping_status":"closed","template":"","meta":[],"_links":{"self":[{"href":"http:\/\/www.stconsultoria.com.br\/site\/index.php?rest_route=\/wp\/v2\/pages\/89"}],"collection":[{"href":"http:\/\/www.stconsultoria.com.br\/site\/index.php?rest_route=\/wp\/v2\/pages"}],"about":[{"href":"http:\/\/www.stconsultoria.com.br\/site\/index.php?rest_route=\/wp\/v2\/types\/page"}],"author":[{"embeddable":true,"href":"http:\/\/www.stconsultoria.com.br\/site\/index.php?rest_route=\/wp\/v2\/users\/1"}],"replies":[{"embeddable":true,"href":"http:\/\/www.stconsultoria.com.br\/site\/index.php?rest_route=%2Fwp%2Fv2%2Fcomments&post=89"}],"version-history":[{"count":4,"href":"http:\/\/www.stconsultoria.com.br\/site\/index.php?rest_route=\/wp\/v2\/pages\/89\/revisions"}],"predecessor-version":[{"id":211,"href":"http:\/\/www.stconsultoria.com.br\/site\/index.php?rest_route=\/wp\/v2\/pages\/89\/revisions\/211"}],"wp:attachment":[{"href":"http:\/\/www.stconsultoria.com.br\/site\/index.php?rest_route=%2Fwp%2Fv2%2Fmedia&parent=89"}],"curies":[{"name":"wp","href":"https:\/\/api.w.org\/{rel}","templated":true}]}}