{"id":9,"date":"2011-09-30T13:57:16","date_gmt":"2011-09-30T13:57:16","guid":{"rendered":"http:\/\/localhost\/st\/site\/?page_id=9"},"modified":"2023-09-26T08:08:34","modified_gmt":"2023-09-26T11:08:34","slug":"home","status":"publish","type":"page","link":"http:\/\/www.stconsultoria.com.br\/site\/","title":{"rendered":"ST Consultoria"},"content":{"rendered":"\n<figure class=\"wp-block-image size-full\"><a href=\"http:\/\/www.stconsultoria.com.br\/site\/wp-content\/uploads\/2023\/08\/comunicado.jpg\"><img decoding=\"async\" loading=\"lazy\" width=\"1000\" height=\"1000\" src=\"http:\/\/www.stconsultoria.com.br\/site\/wp-content\/uploads\/2023\/08\/comunicado.jpg\" alt=\"\" class=\"wp-image-2433\" srcset=\"http:\/\/www.stconsultoria.com.br\/site\/wp-content\/uploads\/2023\/08\/comunicado.jpg 1000w, http:\/\/www.stconsultoria.com.br\/site\/wp-content\/uploads\/2023\/08\/comunicado-300x300.jpg 300w, http:\/\/www.stconsultoria.com.br\/site\/wp-content\/uploads\/2023\/08\/comunicado-150x150.jpg 150w, http:\/\/www.stconsultoria.com.br\/site\/wp-content\/uploads\/2023\/08\/comunicado-768x768.jpg 768w, http:\/\/www.stconsultoria.com.br\/site\/wp-content\/uploads\/2023\/08\/comunicado-847x847.jpg 847w\" sizes=\"(max-width: 1000px) 100vw, 1000px\" \/><\/a><\/figure>\n\n\n<h1 style=\"text-align: center;\"><strong style=\"line-height: 1.2em;\">Solu\u00e7\u00f5es<\/strong><\/h1>\n<p><span style=\"line-height: 1.6em;\">As solu\u00e7\u00f5es desenvolvidas pela <\/span><b style=\"line-height: 1.6em;\">ST<\/b><span style=\"line-height: 1.6em;\"> possuem os atributos necess\u00e1rios \u00e0 boa gest\u00e3o e respeito aos Princ\u00edpios Constitucionais da Administra\u00e7\u00e3o P\u00fablica: Legalidade, Impessoalidade, Moralidade, Publicidade e Efici\u00eancia.<\/span><\/p>\n<p>S\u00e3o solu\u00e7\u00f5es pr\u00e1ticas e eficazes para uma administra\u00e7\u00e3o moderna e com respostas em tempo real \u00e0s demandas, al\u00e9m de disponibilizar um suporte de alto n\u00edvel de atendimento, possuindo toda a seguran\u00e7a de uma empresa com mais de dez anos de mercado.<\/p>\n<p>A <b>ST<\/b> oferece: opera\u00e7\u00e3o integrada de seus aplicativos, proporcionando a intercomunica\u00e7\u00e3o entre os setores; a gera\u00e7\u00e3o de relat\u00f3rios gerenciais mais amplos com uma vis\u00e3o sist\u00eamica do munic\u00edpio ao seu gestor, bem como uma melhor consist\u00eancia nas presta\u00e7\u00f5es de contas. Assim, a <b>ST<\/b> vem crescendo com s\u00f3lidas parcerias baseadas em um atendimento personalizado com um alto n\u00edvel de satisfa\u00e7\u00e3o dos clientes e constante evolu\u00e7\u00e3o.<\/p>\n<h5><\/h5>\n<hr>\n<h1 style=\"text-align: center;\"><strong>Miss\u00e3o<\/strong><\/h1>\n<p>Desenvolver softwares para a administra\u00e7\u00e3o p\u00fablica com alta tecnologia, din\u00e2micos e que forne\u00e7am respostas r\u00e1pidas para a solu\u00e7\u00e3o de problemas apresentados pelos clientes.<\/p>\n<hr>\n<h1 style=\"text-align: center;\"><strong>Vis\u00e3o<\/strong><\/h1>\n<p>Tornar-se refer\u00eancia como a melhor empresa fornecedora de softwares para a gest\u00e3o p\u00fablica do pa\u00eds, investindo para isto em treinamento de equipes, tecnologia de ponta e mantendo um relacionamento de parceria com os clientes e fornecedores.<\/p>\n<p><iframe loading=\"lazy\" style=\"border: none; overflow: hidden; width: 350px; height: 25px;\" src=\"http:\/\/www.facebook.com\/plugins\/like.php?href=http:\/\/www.stconsultoria.com.br\/site\/?page_id=77&amp;layout=standard&amp;\n\n\n\n\n\n\n\n\n\n\n\n\n\nshow_faces=false&amp;width=380&amp;action=like&amp;colorscheme=light&amp;height=25&amp;locale=pt_BR\" width=\"320\" height=\"240\" frameborder=\"0\" scrolling=\"no\"><\/iframe><\/p>\n\n\n<figure class=\"wp-block-image\"><img alt=\"\"\/><\/figure>\n","protected":false},"excerpt":{"rendered":"<p>Solu\u00e7\u00f5es As solu\u00e7\u00f5es desenvolvidas pela ST possuem os atributos necess\u00e1rios \u00e0 boa gest\u00e3o e respeito aos Princ\u00edpios Constitucionais da Administra\u00e7\u00e3o P\u00fablica: Legalidade, Impessoalidade, Moralidade, Publicidade e Efici\u00eancia. S\u00e3o solu\u00e7\u00f5es pr\u00e1ticas e eficazes para uma administra\u00e7\u00e3o moderna e com respostas em tempo real \u00e0s demandas, al\u00e9m de disponibilizar um suporte de alto n\u00edvel de atendimento, possuindo &hellip; <\/p>\n<p><a class=\"more-link btn\" href=\"http:\/\/www.stconsultoria.com.br\/site\/\">Continue lendo<\/a><\/p>\n","protected":false},"author":14,"featured_media":0,"parent":0,"menu_order":0,"comment_status":"closed","ping_status":"closed","template":"","meta":[],"_links":{"self":[{"href":"http:\/\/www.stconsultoria.com.br\/site\/index.php?rest_route=\/wp\/v2\/pages\/9"}],"collection":[{"href":"http:\/\/www.stconsultoria.com.br\/site\/index.php?rest_route=\/wp\/v2\/pages"}],"about":[{"href":"http:\/\/www.stconsultoria.com.br\/site\/index.php?rest_route=\/wp\/v2\/types\/page"}],"author":[{"embeddable":true,"href":"http:\/\/www.stconsultoria.com.br\/site\/index.php?rest_route=\/wp\/v2\/users\/14"}],"replies":[{"embeddable":true,"href":"http:\/\/www.stconsultoria.com.br\/site\/index.php?rest_route=%2Fwp%2Fv2%2Fcomments&post=9"}],"version-history":[{"count":223,"href":"http:\/\/www.stconsultoria.com.br\/site\/index.php?rest_route=\/wp\/v2\/pages\/9\/revisions"}],"predecessor-version":[{"id":2443,"href":"http:\/\/www.stconsultoria.com.br\/site\/index.php?rest_route=\/wp\/v2\/pages\/9\/revisions\/2443"}],"wp:attachment":[{"href":"http:\/\/www.stconsultoria.com.br\/site\/index.php?rest_route=%2Fwp%2Fv2%2Fmedia&parent=9"}],"curies":[{"name":"wp","href":"https:\/\/api.w.org\/{rel}","templated":true}]}}