{"id":91,"date":"2011-10-04T18:03:22","date_gmt":"2011-10-04T21:03:22","guid":{"rendered":"http:\/\/localhost\/st\/site\/?page_id=91"},"modified":"2014-09-03T14:55:55","modified_gmt":"2014-09-03T17:55:55","slug":"st-diaria","status":"publish","type":"page","link":"http:\/\/www.stconsultoria.com.br\/site\/?page_id=91","title":{"rendered":"ST Di\u00e1ria"},"content":{"rendered":"<p style=\"text-align: justify; font-size:14px;\">Aplicativo indispens\u00e1vel na melhoria, simplifica\u00e7\u00e3o e aperfei\u00e7oamento no processo de concess\u00e3o e controle de di\u00e1rias. Minimiza falhas, otimiza o uso de material humano da entidade, controla a emiss\u00e3o obrigat\u00f3ria de viagens e o c\u00e1lculo de valores a receber por parte dos funcion\u00e1rios. O c\u00e1lculo da di\u00e1ria \u00e9 feito automaticamente de acordo com os locais, per\u00edodo e cargo\/fun\u00e7\u00e3o do servidor.<\/p>\n<p style=\"text-align: justify; font-size:14px;\">Entre os controles que o sistema vai possibilitar est\u00e3o a presta\u00e7\u00e3o de contas, as aprova\u00e7\u00f5es e os cancelamentos de di\u00e1rias. Tamb\u00e9m faz o controle do or\u00e7amento de cada \u00f3rg\u00e3o para gastos com di\u00e1rias. N\u00e3o havendo mais recursos, o aplicativo automaticamente avisa que a solicita\u00e7\u00e3o n\u00e3o foi aceita.<\/p>\n<hr \/>\n<table width=\"100%\" border=\"0\">\n<tr valign=\"top\">\n<td width=\"50%\">\n    <b>Processos<\/b><\/p>\n<ul>\n<li>Solicita\u00e7\u00e3o de di\u00e1ria<\/li>\n<li>C\u00e1lculo de di\u00e1rias<\/li>\n<li>Aprova\u00e7\u00e3o de di\u00e1ria<\/li>\n<li>Controle de relat\u00f3rio de viagem<\/li>\n<li>Or\u00e7amento<\/li>\n<\/ul>\n<\/td>\n<td>\n    <b>Alguns Relat\u00f3rios<\/b><\/p>\n<ul>\n<li>Guia de solicita\u00e7\u00e3o de di\u00e1rias<\/li>\n<li>Demonstrativo anal\u00edtico e sint\u00e9tico de di\u00e1rias por centro de custos\/secretaria<\/li>\n<li>Resumo de di\u00e1rias por centro de custo (quantidade e valor)<\/li>\n<li>Gr\u00e1fico do resumo de di\u00e1rias<\/li>\n<\/ul>\n<\/td>\n<\/tr>\n<\/table>\n<p><iframe src=\"http:\/\/www.facebook.com\/plugins\/like.php?href=http:\/\/www.stconsultoria.com.br\/site\/?page_id=91&#038;layout=standard&#038;\nshow_faces=false&#038;width=380&#038;action=like&#038;colorscheme=light&#038;height=25&#038;locale=pt_BR\" scrolling=\"no\" frameborder=\"0\" style=\"border:none; overflow:hidden; width:350px; height:25px;\" allowTransparency=\"true\"><\/iframe><\/p>\n","protected":false},"excerpt":{"rendered":"<p>Aplicativo indispens\u00e1vel na melhoria, simplifica\u00e7\u00e3o e aperfei\u00e7oamento no processo de concess\u00e3o e controle de di\u00e1rias. Minimiza falhas, otimiza o uso de material humano da entidade, controla a emiss\u00e3o obrigat\u00f3ria de viagens e o c\u00e1lculo de valores a receber por parte dos funcion\u00e1rios. O c\u00e1lculo da di\u00e1ria \u00e9 feito automaticamente de acordo com os locais, per\u00edodo &hellip; <\/p>\n<p><a class=\"more-link btn\" href=\"http:\/\/www.stconsultoria.com.br\/site\/?page_id=91\">Continue lendo<\/a><\/p>\n","protected":false},"author":1,"featured_media":0,"parent":0,"menu_order":8,"comment_status":"closed","ping_status":"closed","template":"","meta":[],"_links":{"self":[{"href":"http:\/\/www.stconsultoria.com.br\/site\/index.php?rest_route=\/wp\/v2\/pages\/91"}],"collection":[{"href":"http:\/\/www.stconsultoria.com.br\/site\/index.php?rest_route=\/wp\/v2\/pages"}],"about":[{"href":"http:\/\/www.stconsultoria.com.br\/site\/index.php?rest_route=\/wp\/v2\/types\/page"}],"author":[{"embeddable":true,"href":"http:\/\/www.stconsultoria.com.br\/site\/index.php?rest_route=\/wp\/v2\/users\/1"}],"replies":[{"embeddable":true,"href":"http:\/\/www.stconsultoria.com.br\/site\/index.php?rest_route=%2Fwp%2Fv2%2Fcomments&post=91"}],"version-history":[{"count":4,"href":"http:\/\/www.stconsultoria.com.br\/site\/index.php?rest_route=\/wp\/v2\/pages\/91\/revisions"}],"predecessor-version":[{"id":212,"href":"http:\/\/www.stconsultoria.com.br\/site\/index.php?rest_route=\/wp\/v2\/pages\/91\/revisions\/212"}],"wp:attachment":[{"href":"http:\/\/www.stconsultoria.com.br\/site\/index.php?rest_route=%2Fwp%2Fv2%2Fmedia&parent=91"}],"curies":[{"name":"wp","href":"https:\/\/api.w.org\/{rel}","templated":true}]}}