{"id":93,"date":"2011-10-04T18:20:58","date_gmt":"2011-10-04T21:20:58","guid":{"rendered":"http:\/\/localhost\/st\/site\/?page_id=93"},"modified":"2014-09-03T14:54:29","modified_gmt":"2014-09-03T17:54:29","slug":"st-protocolo","status":"publish","type":"page","link":"http:\/\/www.stconsultoria.com.br\/site\/?page_id=93","title":{"rendered":"ST Protocolo"},"content":{"rendered":"<p style=\"text-align: justify; font-size:14px;\">Um aplicativo que proporciona o acompanhamento detalhado de todos os processos que d\u00e3o entrada na entidade at\u00e9 o seu efetivo atendimento, resolu\u00e7\u00e3o e arquivamento.<\/p>\n<p style=\"text-align: justify; font-size:14px;\">Garante o controle dos processos que tramitam pelos setores de uma entidade, tais como processos administrativos, requerimentos, solicita\u00e7\u00f5es de certid\u00f5es negativas, correspond\u00eancias e of\u00edcios. Permite ajuntamento de processos e tramita\u00e7\u00f5es em lote. Possui uma interface gr\u00e1fica amig\u00e1vel e pr\u00e1tica.<\/p>\n<hr \/>\n<table width=\"100%\" border=\"0\">\n<tr valign=\"top\">\n<td width=\"50%\">\n    <b>Processos<\/b><\/p>\n<ul>\n<li>Tramita\u00e7\u00e3o individual ou em lote<\/li>\n<li>Ajuntamento e anexa\u00e7\u00e3o<\/li>\n<li>Abertura de processo<\/li>\n<li>Arquivamento de processo<\/li>\n<li>Consulta de localiza\u00e7\u00e3o de processos<\/li>\n<li>Reserva de numera\u00e7\u00e3o de protocolo<\/li>\n<\/ul>\n<\/td>\n<td>\n    <b>Alguns Relat\u00f3rios<\/b><\/p>\n<ul>\n<li>Guia de tramita\u00e7\u00e3o (individual e em lote)<\/li>\n<li>Etiqueta de abertura de processo<\/li>\n<li>Hist\u00f3rico de processos<\/li>\n<li>Relat\u00f3rios de processos (por secretaria, por locais)<\/li>\n<li>Relat\u00f3rio de temporariedade<\/li>\n<\/ul>\n<\/td>\n<\/tr>\n<\/table>\n<p><iframe src=\"http:\/\/www.facebook.com\/plugins\/like.php?href=http:\/\/www.stconsultoria.com.br\/site\/?page_id=93&#038;layout=standard&#038;\nshow_faces=false&#038;width=380&#038;action=like&#038;colorscheme=light&#038;height=25&#038;locale=pt_BR\" scrolling=\"no\" frameborder=\"0\" style=\"border:none; overflow:hidden; width:350px; height:25px;\" allowTransparency=\"true\"><\/iframe><\/p>\n","protected":false},"excerpt":{"rendered":"<p>Um aplicativo que proporciona o acompanhamento detalhado de todos os processos que d\u00e3o entrada na entidade at\u00e9 o seu efetivo atendimento, resolu\u00e7\u00e3o e arquivamento. Garante o controle dos processos que tramitam pelos setores de uma entidade, tais como processos administrativos, requerimentos, solicita\u00e7\u00f5es de certid\u00f5es negativas, correspond\u00eancias e of\u00edcios. Permite ajuntamento de processos e tramita\u00e7\u00f5es em &hellip; <\/p>\n<p><a class=\"more-link btn\" href=\"http:\/\/www.stconsultoria.com.br\/site\/?page_id=93\">Continue lendo<\/a><\/p>\n","protected":false},"author":1,"featured_media":0,"parent":0,"menu_order":9,"comment_status":"closed","ping_status":"closed","template":"","meta":[],"_links":{"self":[{"href":"http:\/\/www.stconsultoria.com.br\/site\/index.php?rest_route=\/wp\/v2\/pages\/93"}],"collection":[{"href":"http:\/\/www.stconsultoria.com.br\/site\/index.php?rest_route=\/wp\/v2\/pages"}],"about":[{"href":"http:\/\/www.stconsultoria.com.br\/site\/index.php?rest_route=\/wp\/v2\/types\/page"}],"author":[{"embeddable":true,"href":"http:\/\/www.stconsultoria.com.br\/site\/index.php?rest_route=\/wp\/v2\/users\/1"}],"replies":[{"embeddable":true,"href":"http:\/\/www.stconsultoria.com.br\/site\/index.php?rest_route=%2Fwp%2Fv2%2Fcomments&post=93"}],"version-history":[{"count":5,"href":"http:\/\/www.stconsultoria.com.br\/site\/index.php?rest_route=\/wp\/v2\/pages\/93\/revisions"}],"predecessor-version":[{"id":213,"href":"http:\/\/www.stconsultoria.com.br\/site\/index.php?rest_route=\/wp\/v2\/pages\/93\/revisions\/213"}],"wp:attachment":[{"href":"http:\/\/www.stconsultoria.com.br\/site\/index.php?rest_route=%2Fwp%2Fv2%2Fmedia&parent=93"}],"curies":[{"name":"wp","href":"https:\/\/api.w.org\/{rel}","templated":true}]}}