{"id":95,"date":"2011-10-04T18:36:43","date_gmt":"2011-10-04T21:36:43","guid":{"rendered":"http:\/\/localhost\/st\/site\/?page_id=95"},"modified":"2014-09-03T14:54:40","modified_gmt":"2014-09-03T17:54:40","slug":"st-almoxarifado","status":"publish","type":"page","link":"http:\/\/www.stconsultoria.com.br\/site\/?page_id=95","title":{"rendered":"ST Almoxarifado"},"content":{"rendered":"<p style=\"text-align: justify; font-size:14px;\">Um aplicativo que oferece os mais modernos recursos para a administra\u00e7\u00e3o de almoxarifados, o que o torna uma ferramenta de apoio \u00e0 gest\u00e3o, tomada de decis\u00f5es e presta\u00e7\u00e3o de contas.<\/p>\n<p style=\"text-align: justify; font-size:14px;\">Al\u00e9m de gerenciar o entrada e sa\u00edda de materiais do estoque, o sistema indica quais \u00edtens precisam ser repostos, evitando a falta de produtos.<\/p>\n<p style=\"text-align: justify; font-size:14px;\">Atrav\u00e9s do cadastro de lotes, o sistema proporciona um melhor controle sobre o prazo de validade dos materiais, principalmente de medicamentos e perec\u00edveis, evitando perdas.<\/p>\n<p style=\"text-align: justify; font-size:14px;\">Os materiais podem ser classificados por grupos e sub-grupos. O cadastro de caracter\u00edsticas possibilita ao usu\u00e1rio registrar informa\u00e7\u00f5es mais espec\u00edficas de cada material. Os lan\u00e7amentos de entradas e sa\u00eddas s\u00e3o apropriados aos centros de custos, o que permite analisar o consumo de cada \u00edtem em estoque.<\/p>\n<hr \/>\n<table width=\"100%\" border=\"0\">\n<tr valign=\"top\">\n<td width=\"50%\">\n    <b>Processos<\/b><\/p>\n<ul>\n<li>Fornecimento de materiais<\/li>\n<li>Solicita\u00e7\u00e3o de materiais<\/li>\n<li>Entrada de materiais<\/li>\n<li>Sa\u00edda de materiais<\/li>\n<li>Transfer\u00eancia de materiais<\/li>\n<li>Controle de estoque<\/li>\n<li>Alerta de materiais vencidos e \u00e0 vencer<\/li>\n<li>Alerta de estoque abaixo do m\u00ednimo<\/li>\n<\/ul>\n<\/td>\n<td>\n    <b>Alguns Relat\u00f3rios<\/b><\/p>\n<ul>\n<li>Autoriza\u00e7\u00e3o de fornecimento<\/li>\n<li>Materiais pendentes em fornecimento e solicita\u00e7\u00f5es<\/li>\n<li>Posi\u00e7\u00e3o do estoque<\/li>\n<li>Hist\u00f3rico de compras (por produto, por fornecedor)<\/li>\n<li>Sa\u00eddas por centro de custo<\/li>\n<li>Movimento de entrada e sa\u00edda<\/li>\n<li>Demonstrativo de consumo m\u00e9dio mensal<\/li>\n<li>Diversas listagens de estoque geral ou por lote<\/li>\n<\/ul>\n<\/td>\n<\/tr>\n<\/table>\n<p><iframe src=\"http:\/\/www.facebook.com\/plugins\/like.php?href=http:\/\/www.stconsultoria.com.br\/site\/?page_id=95&#038;layout=standard&#038;\nshow_faces=false&#038;width=380&#038;action=like&#038;colorscheme=light&#038;height=25&#038;locale=pt_BR\" scrolling=\"no\" frameborder=\"0\" style=\"border:none; overflow:hidden; width:350px; height:25px;\" allowTransparency=\"true\"><\/iframe><\/p>\n","protected":false},"excerpt":{"rendered":"<p>Um aplicativo que oferece os mais modernos recursos para a administra\u00e7\u00e3o de almoxarifados, o que o torna uma ferramenta de apoio \u00e0 gest\u00e3o, tomada de decis\u00f5es e presta\u00e7\u00e3o de contas. Al\u00e9m de gerenciar o entrada e sa\u00edda de materiais do estoque, o sistema indica quais \u00edtens precisam ser repostos, evitando a falta de produtos. Atrav\u00e9s &hellip; <\/p>\n<p><a class=\"more-link btn\" href=\"http:\/\/www.stconsultoria.com.br\/site\/?page_id=95\">Continue lendo<\/a><\/p>\n","protected":false},"author":1,"featured_media":0,"parent":0,"menu_order":10,"comment_status":"closed","ping_status":"closed","template":"","meta":[],"_links":{"self":[{"href":"http:\/\/www.stconsultoria.com.br\/site\/index.php?rest_route=\/wp\/v2\/pages\/95"}],"collection":[{"href":"http:\/\/www.stconsultoria.com.br\/site\/index.php?rest_route=\/wp\/v2\/pages"}],"about":[{"href":"http:\/\/www.stconsultoria.com.br\/site\/index.php?rest_route=\/wp\/v2\/types\/page"}],"author":[{"embeddable":true,"href":"http:\/\/www.stconsultoria.com.br\/site\/index.php?rest_route=\/wp\/v2\/users\/1"}],"replies":[{"embeddable":true,"href":"http:\/\/www.stconsultoria.com.br\/site\/index.php?rest_route=%2Fwp%2Fv2%2Fcomments&post=95"}],"version-history":[{"count":4,"href":"http:\/\/www.stconsultoria.com.br\/site\/index.php?rest_route=\/wp\/v2\/pages\/95\/revisions"}],"predecessor-version":[{"id":214,"href":"http:\/\/www.stconsultoria.com.br\/site\/index.php?rest_route=\/wp\/v2\/pages\/95\/revisions\/214"}],"wp:attachment":[{"href":"http:\/\/www.stconsultoria.com.br\/site\/index.php?rest_route=%2Fwp%2Fv2%2Fmedia&parent=95"}],"curies":[{"name":"wp","href":"https:\/\/api.w.org\/{rel}","templated":true}]}}