{"id":97,"date":"2011-10-04T18:46:02","date_gmt":"2011-10-04T21:46:02","guid":{"rendered":"http:\/\/localhost\/st\/site\/?page_id=97"},"modified":"2014-09-03T14:54:50","modified_gmt":"2014-09-03T17:54:50","slug":"st-arrecadacao-municipal","status":"publish","type":"page","link":"http:\/\/www.stconsultoria.com.br\/site\/?page_id=97","title":{"rendered":"ST Arrecada\u00e7\u00e3o Municipal"},"content":{"rendered":"<p style=\"text-align: justify; font-size:14px;\">Aplicativo que proporciona uma melhor administra\u00e7\u00e3o das maiores e mais importantes fontes de recursos monet\u00e1rios, fundamentais para manter o equil\u00edbrio financeiro dos munic\u00edpios, proporcionando aos gestores condi\u00e7\u00f5es para a tomada de decis\u00f5es acertadas e seguras, baseadas em relat\u00f3rios personalizados e precisos.<\/p>\n<p style=\"text-align: justify; font-size:14px;\">Sua arquitetura foi pensada para facilitar o trabalho dos usu\u00e1rios, visando a moderniza\u00e7\u00e3o dos v\u00e1rios setores administrativos, tornando o atendimento ao cidad\u00e3o mais \u00e1gil e com mais qualidade.<\/p>\n<hr \/>\n<table width=\"100%\" border=\"0\">\n<tr valign=\"top\">\n<td width=\"50%\">\n    <b>Processos<\/b><\/p>\n<ul>\n<li>Imobili\u00e1rio<\/li>\n<li>Econ\u00f4mico<\/li>\n<li>D\u00edvida Ativa<\/li>\n<li>Fiscaliza\u00e7\u00e3o<\/li>\n<li>Financeiro<\/li>\n<\/ul>\n<p>    <b>Alguns Relat\u00f3rios<\/b><\/p>\n<ul>\n<li>Arrecada\u00e7\u00e3o di\u00e1ria<\/li>\n<li>Arrecada\u00e7\u00e3o di\u00e1ria por banco<\/li>\n<li>Arrecada\u00e7\u00e3o por m\u00eas<\/li>\n<li>Arrecada\u00e7\u00e3o di\u00e1ria por conta cont\u00e1bil e banco<\/li>\n<li>Arrecada\u00e7\u00e3o do simples nacional sint\u00e9tico<\/li>\n<li>Resumo do cadastro imobili\u00e1rio<\/li>\n<li>Listagem geral de im\u00f3veis<\/li>\n<li>Rela\u00e7\u00e3o de habite-se emitidos<\/li>\n<li>Rela\u00e7\u00e3o de alvar\u00e1s emitidos<\/li>\n<li>Listagem geral de im\u00f3veis territoriais<\/li>\n<\/ul>\n<\/td>\n<td>\n<ul>\n<li>Listagem geral de im\u00f3veis prediais<\/li>\n<li>Resumo do IPTU do exerc\u00edcio<\/li>\n<li>Hist\u00f3rico dos valores de IPTU<\/li>\n<li>Devedores de IPTU por exerc\u00edcio<\/li>\n<li>IPTUs isentos por exerc\u00edcio e motivo<\/li>\n<li>Comparativo de IPTU<\/li>\n<li>IPTU pago por exerc\u00edcio<\/li>\n<li>IPTUs em aberto por exerc\u00edcio<\/li>\n<li>Listagem de empresas ativas<\/li>\n<li>Listagem de empresas ativas por logradouro<\/li>\n<li>Listagem de empresas isentas de TFF<\/li>\n<li>Resumo de cadastro econ\u00f4mico por tipo de atividade<\/li>\n<li>Empresas prestadoras de servi\u00e7o<\/li>\n<li>Empresas abertas por per\u00edodo<\/li>\n<li>TFFs pagas por exerc\u00edcio e atividade<\/li>\n<li>TFFs em aberto por exerc\u00edcio e atividade<\/li>\n<li>TFFs em aberto por exerc\u00edcio<\/li>\n<li>TFFs pagas por exerc\u00edcio e logradouro<\/li>\n<li>TFFs lan\u00e7adas por exerc\u00edcio<\/li>\n<li>Alvar\u00e1s emitidos por per\u00edodo<\/li>\n<\/ul>\n<\/td>\n<\/tr>\n<\/table>\n<p><iframe src=\"http:\/\/www.facebook.com\/plugins\/like.php?href=http:\/\/www.stconsultoria.com.br\/site\/?page_id=97&#038;layout=standard&#038;\nshow_faces=false&#038;width=380&#038;action=like&#038;colorscheme=light&#038;height=25&#038;locale=pt_BR\" scrolling=\"no\" frameborder=\"0\" style=\"border:none; overflow:hidden; width:350px; height:25px;\" allowTransparency=\"true\"><\/iframe><\/p>\n","protected":false},"excerpt":{"rendered":"<p>Aplicativo que proporciona uma melhor administra\u00e7\u00e3o das maiores e mais importantes fontes de recursos monet\u00e1rios, fundamentais para manter o equil\u00edbrio financeiro dos munic\u00edpios, proporcionando aos gestores condi\u00e7\u00f5es para a tomada de decis\u00f5es acertadas e seguras, baseadas em relat\u00f3rios personalizados e precisos. Sua arquitetura foi pensada para facilitar o trabalho dos usu\u00e1rios, visando a moderniza\u00e7\u00e3o dos &hellip; <\/p>\n<p><a class=\"more-link btn\" href=\"http:\/\/www.stconsultoria.com.br\/site\/?page_id=97\">Continue lendo<\/a><\/p>\n","protected":false},"author":1,"featured_media":0,"parent":0,"menu_order":11,"comment_status":"closed","ping_status":"closed","template":"","meta":[],"_links":{"self":[{"href":"http:\/\/www.stconsultoria.com.br\/site\/index.php?rest_route=\/wp\/v2\/pages\/97"}],"collection":[{"href":"http:\/\/www.stconsultoria.com.br\/site\/index.php?rest_route=\/wp\/v2\/pages"}],"about":[{"href":"http:\/\/www.stconsultoria.com.br\/site\/index.php?rest_route=\/wp\/v2\/types\/page"}],"author":[{"embeddable":true,"href":"http:\/\/www.stconsultoria.com.br\/site\/index.php?rest_route=\/wp\/v2\/users\/1"}],"replies":[{"embeddable":true,"href":"http:\/\/www.stconsultoria.com.br\/site\/index.php?rest_route=%2Fwp%2Fv2%2Fcomments&post=97"}],"version-history":[{"count":5,"href":"http:\/\/www.stconsultoria.com.br\/site\/index.php?rest_route=\/wp\/v2\/pages\/97\/revisions"}],"predecessor-version":[{"id":215,"href":"http:\/\/www.stconsultoria.com.br\/site\/index.php?rest_route=\/wp\/v2\/pages\/97\/revisions\/215"}],"wp:attachment":[{"href":"http:\/\/www.stconsultoria.com.br\/site\/index.php?rest_route=%2Fwp%2Fv2%2Fmedia&parent=97"}],"curies":[{"name":"wp","href":"https:\/\/api.w.org\/{rel}","templated":true}]}}